{"id":265,"date":"2023-02-13T14:58:11","date_gmt":"2023-02-13T17:58:11","guid":{"rendered":"https:\/\/www.cachacasenhordospassos.com.br\/?page_id=265"},"modified":"2024-05-19T15:35:53","modified_gmt":"2024-05-19T18:35:53","slug":"quem-somos","status":"publish","type":"page","link":"https:\/\/www.cachacasenhordospassos.com.br\/index.php\/quem-somos\/","title":{"rendered":"Quem somos"},"content":{"rendered":"\t\t<div data-elementor-type=\"wp-page\" data-elementor-id=\"265\" class=\"elementor elementor-265\" data-elementor-post-type=\"page\">\n\t\t\t\t<div class=\"elementor-element elementor-element-b8e4cee e-flex e-con-boxed e-con e-parent\" data-id=\"b8e4cee\" data-element_type=\"container\" data-settings=\"{&quot;background_background&quot;:&quot;classic&quot;,&quot;shape_divider_bottom&quot;:&quot;splash2&quot;,&quot;_ha_eqh_enable&quot;:false}\">\n\t\t\t\t\t<div class=\"e-con-inner\">\n\t\t\t\t<div class=\"elementor-shape elementor-shape-bottom\" data-negative=\"false\">\n\t\t\t<svg xmlns=\"http:\/\/www.w3.org\/2000\/svg\" viewBox=\"0 0 4080 400\" preserveAspectRatio=\"none\">\r\n<path class=\"elementor-shape-fill ha-shape-divider\" d=\"M0,0v35.2c0,0,54.1,202.3,175,95.8c68-60,215.7-117.8,360.4-33.3S686-18.5,760.2,48.9c53.5,48.6,88.3,75.5,111.7,88.1\r\n\tc32.5,19.8,73.7,33.5,125.3,33.5c143.5,0,187.5-96.1,258.9-96.1c71.5,0,96.7,23.4,178.1,90.2c81.4,66.8,117.2,11.1,117.2,11.1\r\n\ts57.4-80.8,90.2-24s87.3-8.8,119.5-31c32.2-22.3,81.4-46.3,126.5-23.4c45.1,22.9,38.1,79.1,10.5,103.7c-27.5,24.6-33.4,50.4-26.4,65\r\n\tc7,14.6,28.7,30.5,59.8,7c31-23.4,57.4-19.9,63.3,4.1c5.9,24,41.2,131.8,98.6,96.3c48.2-29.9-2.7-94.1-53.5-140.9\r\n\tc-24.2-22.3-9.9-62.3,30.4-65.5c36.7-2.9,118.7,87.8,164,23.4c28.2-40-89.6-64.4-33.4-105.4c56.2-41,100.8,0,147,0\r\n\tc34.9,0,59.6-13.8,76.4-29.2c11.4-10.5,25.7-17.9,41.2-19.1c21.6-1.7,40.4,5.7,53.6,31.5c19,37,38,49,82,28s56-3,111.1,36\r\n\tc33.9,24,76.3-8.1,104.6-37c18.9-19.4,46.7-27,73-20.6c120.4,29.5,147.5-89.1,254.4-14.3c62.9,44,108.8,53.2,195-11.5\r\n\tc78.9-59.1,78,133.3,219,48.8s183-44.5,336-8.5S4080,35.2,4080,35.2V0H0z M1261.3,202.5c-18.7,0-33.8-15.1-33.8-33.8\r\n\ts15.1-33.8,33.8-33.8s33.8,15.1,33.8,33.8S1280,202.5,1261.3,202.5z M1928.4,349.4c-14.5,0-26.3-11.8-26.3-26.3s11.8-26.3,26.3-26.3\r\n\ts26.3,11.8,26.3,26.3S1942.9,349.4,1928.4,349.4z M2227,238.5c17.7,0,32,14.3,32,32s-14.3,32-32,32s-32-14.3-32-32\r\n\tS2209.3,238.5,2227,238.5z M2534.6,164.4c-9.8,0-17.7-7.9-17.7-17.7s7.9-17.7,17.7-17.7s17.7,7.9,17.7,17.7\r\n\tS2544.4,164.4,2534.6,164.4z\"\/>\r\n<\/svg>\r\n\t\t<\/div>\n\t\t\t\t<div class=\"elementor-element elementor-element-cde9b14 elementor-widget__width-initial elementor-widget elementor-widget-image\" data-id=\"cde9b14\" data-element_type=\"widget\" data-widget_type=\"image.default\">\n\t\t\t\t<div class=\"elementor-widget-container\">\n\t\t\t\t\t\t\t\t\t\t\t\t\t<img fetchpriority=\"high\" decoding=\"async\" width=\"800\" height=\"800\" src=\"https:\/\/www.cachacasenhordospassos.com.br\/wp-content\/uploads\/2024\/05\/Selo2.png\" class=\"attachment-large size-large wp-image-2241 wvs-archive-product-image\" alt=\"\" srcset=\"https:\/\/www.cachacasenhordospassos.com.br\/wp-content\/uploads\/2024\/05\/Selo2.png 969w, https:\/\/www.cachacasenhordospassos.com.br\/wp-content\/uploads\/2024\/05\/Selo2-300x300.png 300w, https:\/\/www.cachacasenhordospassos.com.br\/wp-content\/uploads\/2024\/05\/Selo2-100x100.png 100w, https:\/\/www.cachacasenhordospassos.com.br\/wp-content\/uploads\/2024\/05\/Selo2-400x400.png 400w, https:\/\/www.cachacasenhordospassos.com.br\/wp-content\/uploads\/2024\/05\/Selo2-64x64.png 64w, https:\/\/www.cachacasenhordospassos.com.br\/wp-content\/uploads\/2024\/05\/Selo2-150x150.png 150w, https:\/\/www.cachacasenhordospassos.com.br\/wp-content\/uploads\/2024\/05\/Selo2-768x768.png 768w\" sizes=\"(max-width: 800px) 100vw, 800px\" \/>\t\t\t\t\t\t\t\t\t\t\t\t\t<\/div>\n\t\t\t\t<\/div>\n\t\t<div class=\"elementor-element elementor-element-61ee0c2 e-con-full e-flex e-con e-child\" data-id=\"61ee0c2\" data-element_type=\"container\" data-settings=\"{&quot;_ha_eqh_enable&quot;:false}\">\n\t\t\t\t<div class=\"elementor-element elementor-element-9500c2b elementor-widget elementor-widget-heading\" data-id=\"9500c2b\" data-element_type=\"widget\" data-widget_type=\"heading.default\">\n\t\t\t\t<div class=\"elementor-widget-container\">\n\t\t\t<h2 class=\"elementor-heading-title elementor-size-default\">Quem somos<\/h2>\t\t<\/div>\n\t\t\t\t<\/div>\n\t\t\t\t<\/div>\n\t\t\t\t\t<\/div>\n\t\t\t\t<\/div>\n\t\t<div class=\"elementor-element elementor-element-f7a560a e-flex e-con-boxed e-con e-parent\" data-id=\"f7a560a\" data-element_type=\"container\" data-settings=\"{&quot;_ha_eqh_enable&quot;:false}\">\n\t\t\t\t\t<div class=\"e-con-inner\">\n\t\t<div class=\"elementor-element elementor-element-653363e e-con-full e-flex e-con e-child\" data-id=\"653363e\" data-element_type=\"container\" data-settings=\"{&quot;background_background&quot;:&quot;classic&quot;,&quot;_ha_eqh_enable&quot;:false}\">\n\t\t\t\t<div class=\"elementor-element elementor-element-b90d326 elementor-widget elementor-widget-image\" data-id=\"b90d326\" data-element_type=\"widget\" data-widget_type=\"image.default\">\n\t\t\t\t<div class=\"elementor-widget-container\">\n\t\t\t\t\t\t\t\t\t\t\t\t\t<img decoding=\"async\" width=\"600\" height=\"430\" src=\"https:\/\/www.cachacasenhordospassos.com.br\/wp-content\/uploads\/2023\/02\/01-CANAVIAL-CAPA-FOTO-041.jpg\" class=\"attachment-medium_large size-medium_large wp-image-1129 wvs-archive-product-image\" alt=\"\" srcset=\"https:\/\/www.cachacasenhordospassos.com.br\/wp-content\/uploads\/2023\/02\/01-CANAVIAL-CAPA-FOTO-041.jpg 600w, https:\/\/www.cachacasenhordospassos.com.br\/wp-content\/uploads\/2023\/02\/01-CANAVIAL-CAPA-FOTO-041-300x215.jpg 300w, https:\/\/www.cachacasenhordospassos.com.br\/wp-content\/uploads\/2023\/02\/01-CANAVIAL-CAPA-FOTO-041-400x287.jpg 400w, https:\/\/www.cachacasenhordospassos.com.br\/wp-content\/uploads\/2023\/02\/01-CANAVIAL-CAPA-FOTO-041-64x46.jpg 64w, https:\/\/www.cachacasenhordospassos.com.br\/wp-content\/uploads\/2023\/02\/01-CANAVIAL-CAPA-FOTO-041-360x257.jpg 360w, https:\/\/www.cachacasenhordospassos.com.br\/wp-content\/uploads\/2023\/02\/01-CANAVIAL-CAPA-FOTO-041-120x86.jpg 120w, https:\/\/www.cachacasenhordospassos.com.br\/wp-content\/uploads\/2023\/02\/01-CANAVIAL-CAPA-FOTO-041-81x58.jpg 81w\" sizes=\"(max-width: 600px) 100vw, 600px\" \/>\t\t\t\t\t\t\t\t\t\t\t\t\t<\/div>\n\t\t\t\t<\/div>\n\t\t\t\t<div class=\"elementor-element elementor-element-ec961fd elementor-drop-cap-yes elementor-drop-cap-view-default elementor-widget elementor-widget-text-editor\" data-id=\"ec961fd\" data-element_type=\"widget\" data-settings=\"{&quot;drop_cap&quot;:&quot;yes&quot;}\" data-widget_type=\"text-editor.default\">\n\t\t\t\t<div class=\"elementor-widget-container\">\n\t\t\t\t\t\t\t<p>Nossa hist\u00f3ria come\u00e7ou com o patriarca da fam\u00edlia que, h\u00e1 mais de 30 anos, conciliou sua profiss\u00e3o de executivo de empresas multinacionais com sua paix\u00e3o pela agricultura, sempre arrimado em nossa matriarca. A paix\u00e3o foi herdada pelos filhos, que sempre o acompanhou nessa caminhada.<\/p><p>A fazenda sede da nossa cacha\u00e7a j\u00e1 foi exclusiva para o cultivo de banana, tradicional em nossa regi\u00e3o. Mas nos encontros em fam\u00edlia, na varanda da sede, sempre apreciando uma boa cacha\u00e7a, surgiu a ideia de partir para uma nova produ\u00e7\u00e3o.<\/p><p>Foi assim que iniciou o plantio da cana de a\u00e7\u00facar, substituindo a de banana. Com o objetivo de produzir essa apreciada bebida e que atendesse um alto padr\u00e3o de qualidade, buscando sempre aperfei\u00e7oar as t\u00e9cnicas para extrair o melhor da cana.<\/p><p>Assim, ap\u00f3s a aquisi\u00e7\u00e3o de equipamentos modernos e qualifica\u00e7\u00e3o da equipe atrav\u00e9s de cursos de forma\u00e7\u00e3o, iniciamos a produ\u00e7\u00e3o da Cacha\u00e7a Senhor dos Passos. E para compor nossa equipe de trabalho, que \u00e9 tamb\u00e9m formada pela fam\u00edlia, contamos com nosso mestre alambiqueiro e engenheiro agr\u00f4nomo e moradores da regi\u00e3o.<\/p><p>A Cacha\u00e7a Senhor dos Passos \u00e9 produzida na regi\u00e3o da Serra da Piedade, no distrito de Ant\u00f4nio dos Santos, na Cidade de Caet\u00e9, no Caminho Religioso da Estrada Real.<\/p>\t\t\t\t\t\t<\/div>\n\t\t\t\t<\/div>\n\t\t\t\t<\/div>\n\t\t<div class=\"elementor-element elementor-element-62081a8 e-con-full elementor-hidden-tablet elementor-hidden-mobile e-flex e-con e-child\" data-id=\"62081a8\" data-element_type=\"container\" data-settings=\"{&quot;_ha_eqh_enable&quot;:false}\">\n\t\t\t\t<div class=\"elementor-element elementor-element-7e5f187 elementor-widget elementor-widget-image\" data-id=\"7e5f187\" data-element_type=\"widget\" data-widget_type=\"image.default\">\n\t\t\t\t<div class=\"elementor-widget-container\">\n\t\t\t\t\t\t\t\t\t\t\t\t\t<img decoding=\"async\" width=\"219\" height=\"1000\" src=\"https:\/\/www.cachacasenhordospassos.com.br\/wp-content\/uploads\/2024\/04\/cachaca-senhor-dos-passos-premium-blend-de-carvalhos-750ml-081964_1.png\" class=\"attachment-large size-large wp-image-1954 wvs-archive-product-image\" alt=\"\" srcset=\"https:\/\/www.cachacasenhordospassos.com.br\/wp-content\/uploads\/2024\/04\/cachaca-senhor-dos-passos-premium-blend-de-carvalhos-750ml-081964_1.png 219w, https:\/\/www.cachacasenhordospassos.com.br\/wp-content\/uploads\/2024\/04\/cachaca-senhor-dos-passos-premium-blend-de-carvalhos-750ml-081964_1-64x292.png 64w, https:\/\/www.cachacasenhordospassos.com.br\/wp-content\/uploads\/2024\/04\/cachaca-senhor-dos-passos-premium-blend-de-carvalhos-750ml-081964_1-66x300.png 66w\" sizes=\"(max-width: 219px) 100vw, 219px\" \/>\t\t\t\t\t\t\t\t\t\t\t\t\t<\/div>\n\t\t\t\t<\/div>\n\t\t\t\t<\/div>\n\t\t\t\t\t<\/div>\n\t\t\t\t<\/div>\n\t\t<div class=\"elementor-element elementor-element-992a106 e-flex e-con-boxed e-con e-parent\" data-id=\"992a106\" data-element_type=\"container\" data-settings=\"{&quot;background_background&quot;:&quot;classic&quot;,&quot;_ha_eqh_enable&quot;:false}\">\n\t\t\t\t\t<div class=\"e-con-inner\">\n\t\t<div class=\"elementor-element elementor-element-087fc73 e-con-full e-flex e-con e-child\" data-id=\"087fc73\" data-element_type=\"container\" data-settings=\"{&quot;_ha_eqh_enable&quot;:false}\">\n\t\t\t\t<div class=\"elementor-element elementor-element-7c26702 elementor-widget elementor-widget-heading\" data-id=\"7c26702\" data-element_type=\"widget\" data-widget_type=\"heading.default\">\n\t\t\t\t<div class=\"elementor-widget-container\">\n\t\t\t<h4 class=\"elementor-heading-title elementor-size-default\">Quem somos<\/h4>\t\t<\/div>\n\t\t\t\t<\/div>\n\t\t\t\t<div class=\"elementor-element elementor-element-02c309f elementor-widget elementor-widget-text-editor\" data-id=\"02c309f\" data-element_type=\"widget\" data-widget_type=\"text-editor.default\">\n\t\t\t\t<div class=\"elementor-widget-container\">\n\t\t\t\t\t\t\t<p>O nosso nome \u00e9 em homenagem a uma antiga e grande tradi\u00e7\u00e3o realizada na regi\u00e3o onde \u00e9 fabricada a Cacha\u00e7a Senhor dos Passos, Serra da Piedade em Caet\u00e9\/MG. O Distrito Morro Vermelho, Munic\u00edpio de Caet\u00e9, mant\u00e9m uma tradi\u00e7\u00e3o de mais de 200 anos utilizando a cacha\u00e7a. O ritual dos fi\u00e9is da igreja cat\u00f3lica acontece na Quarta-Feira de Cinzas. Em sil\u00eancio absoluto e total sinal de respeito, sete homens entram na igreja, em fila e carregando garrafas de cacha\u00e7a. Retiram do altar a imagem de Nosso Senhor dos Passos, do s\u00e9culo 18, despem-na e d\u00e3o um banho de cacha\u00e7a em toda a escultura de cedro. A cren\u00e7a \u00e9 de que a cacha\u00e7a preserva a imagem santa e, conforme reza a tradi\u00e7\u00e3o, \u00e9 para evitar que a madeira se deteriore ao longo dos anos ou seja alvo dos cupins. Coincid\u00eancia ou n\u00e3o, o fato \u00e9 que essa \u00e9 a \u00fanica pe\u00e7a sacra da Matriz de Nossa Senhora de Nazareth ainda n\u00e3o atacada pelos insetos ou destru\u00edda pela a\u00e7\u00e3o do tempo.<\/p>\t\t\t\t\t\t<\/div>\n\t\t\t\t<\/div>\n\t\t\t\t<\/div>\n\t\t<div class=\"elementor-element elementor-element-3ac678c e-con-full e-flex e-con e-child\" data-id=\"3ac678c\" data-element_type=\"container\" data-settings=\"{&quot;background_background&quot;:&quot;classic&quot;,&quot;_ha_eqh_enable&quot;:false}\">\n\t\t\t\t<div class=\"elementor-element elementor-element-1e2e994 elementor-widget elementor-widget-image\" data-id=\"1e2e994\" data-element_type=\"widget\" data-widget_type=\"image.default\">\n\t\t\t\t<div class=\"elementor-widget-container\">\n\t\t\t\t\t\t\t\t\t\t\t\t\t<img loading=\"lazy\" decoding=\"async\" width=\"150\" height=\"150\" src=\"https:\/\/www.cachacasenhordospassos.com.br\/wp-content\/uploads\/2023\/02\/logo-png-150x150.png\" class=\"attachment-thumbnail size-thumbnail wp-image-27 wvs-archive-product-image\" alt=\"\" srcset=\"https:\/\/www.cachacasenhordospassos.com.br\/wp-content\/uploads\/2023\/02\/logo-png-150x150.png 150w, https:\/\/www.cachacasenhordospassos.com.br\/wp-content\/uploads\/2023\/02\/elementor\/thumbs\/logo-png-q1mfoomxduuda5yloj4ouoh6y6vvy3hqgmwlreu67c.png 100w, https:\/\/www.cachacasenhordospassos.com.br\/wp-content\/uploads\/2023\/02\/elementor\/thumbs\/logo-png-q1mfoomylpmsw64c3fzuyrbjzj3ilupgcfhrwtbe8g.png 200w, https:\/\/www.cachacasenhordospassos.com.br\/wp-content\/uploads\/2023\/02\/elementor\/thumbs\/logo-png-q1mfoomx5332ykbusqygfgpiqq1k7qula9zkj4qq74.png 80w, https:\/\/www.cachacasenhordospassos.com.br\/wp-content\/uploads\/2023\/02\/elementor\/thumbs\/logo-png-qbaaux7bx9mij446zc7rar042cd3x4yxjvuj3x1esi.png 125w\" sizes=\"(max-width: 150px) 100vw, 150px\" \/>\t\t\t\t\t\t\t\t\t\t\t\t\t<\/div>\n\t\t\t\t<\/div>\n\t\t\t\t<div class=\"elementor-element elementor-element-4e41988 elementor-widget elementor-widget-heading\" data-id=\"4e41988\" data-element_type=\"widget\" data-widget_type=\"heading.default\">\n\t\t\t\t<div class=\"elementor-widget-container\">\n\t\t\t<h4 class=\"elementor-heading-title elementor-size-default\">Desvendando nossa logo<\/h4>\t\t<\/div>\n\t\t\t\t<\/div>\n\t\t\t\t<div class=\"elementor-element elementor-element-65e2e87 elementor-widget elementor-widget-text-editor\" data-id=\"65e2e87\" data-element_type=\"widget\" data-widget_type=\"text-editor.default\">\n\t\t\t\t<div class=\"elementor-widget-container\">\n\t\t\t\t\t\t\t<p>A logomarca da Senhor dos Passos foi criada para homenagear \u00e0s curvas suaves da Serra da Piedade\/MG, regi\u00e3o onde est\u00e1 localizado nosso Alambique. Pensando tamb\u00e9m no sabor suave a agrad\u00e1vel do nosso produto que remete \u00e0 tranquilidade da regi\u00e3o. A localidade \u00e9 bela, rodeada de serras, cachoeiras e mata preservada, o que foi essencial para uma produ\u00e7\u00e3o artesanal de qualidade.<\/p>\t\t\t\t\t\t<\/div>\n\t\t\t\t<\/div>\n\t\t\t\t<\/div>\n\t\t\t\t\t<\/div>\n\t\t\t\t<\/div>\n\t\t\t\t<\/div>\n\t\t","protected":false},"excerpt":{"rendered":"<p>Quem somos Nossa hist\u00f3ria come\u00e7ou com o patriarca da fam\u00edlia que, h\u00e1 mais de 30 anos, conciliou sua profiss\u00e3o de executivo de empresas multinacionais com sua paix\u00e3o pela agricultura, sempre arrimado em nossa matriarca. A paix\u00e3o foi herdada pelos filhos, que sempre o acompanhou nessa caminhada. A fazenda sede da nossa cacha\u00e7a j\u00e1 foi exclusiva [&hellip;]<\/p>\n","protected":false},"author":1,"featured_media":0,"parent":0,"menu_order":0,"comment_status":"closed","ping_status":"closed","template":"elementor_header_footer","meta":{"footnotes":""},"class_list":["post-265","page","type-page","status-publish","hentry"],"_links":{"self":[{"href":"https:\/\/www.cachacasenhordospassos.com.br\/index.php\/wp-json\/wp\/v2\/pages\/265","targetHints":{"allow":["GET"]}}],"collection":[{"href":"https:\/\/www.cachacasenhordospassos.com.br\/index.php\/wp-json\/wp\/v2\/pages"}],"about":[{"href":"https:\/\/www.cachacasenhordospassos.com.br\/index.php\/wp-json\/wp\/v2\/types\/page"}],"author":[{"embeddable":true,"href":"https:\/\/www.cachacasenhordospassos.com.br\/index.php\/wp-json\/wp\/v2\/users\/1"}],"replies":[{"embeddable":true,"href":"https:\/\/www.cachacasenhordospassos.com.br\/index.php\/wp-json\/wp\/v2\/comments?post=265"}],"version-history":[{"count":241,"href":"https:\/\/www.cachacasenhordospassos.com.br\/index.php\/wp-json\/wp\/v2\/pages\/265\/revisions"}],"predecessor-version":[{"id":2329,"href":"https:\/\/www.cachacasenhordospassos.com.br\/index.php\/wp-json\/wp\/v2\/pages\/265\/revisions\/2329"}],"wp:attachment":[{"href":"https:\/\/www.cachacasenhordospassos.com.br\/index.php\/wp-json\/wp\/v2\/media?parent=265"}],"curies":[{"name":"wp","href":"https:\/\/api.w.org\/{rel}","templated":true}]}}