{"id":760,"date":"2023-02-20T12:02:19","date_gmt":"2023-02-20T15:02:19","guid":{"rendered":"https:\/\/www.cachacasenhordospassos.com.br\/?page_id=760"},"modified":"2024-04-22T20:18:08","modified_gmt":"2024-04-22T23:18:08","slug":"carrinho","status":"publish","type":"page","link":"https:\/\/www.cachacasenhordospassos.com.br\/index.php\/carrinho\/","title":{"rendered":"Carrinho"},"content":{"rendered":"\t\t<div data-elementor-type=\"wp-page\" data-elementor-id=\"760\" class=\"elementor elementor-760\" data-elementor-post-type=\"page\">\n\t\t\t\t<div class=\"elementor-element elementor-element-53c1dd2 e-flex e-con-boxed e-con e-parent\" data-id=\"53c1dd2\" data-element_type=\"container\" data-settings=\"{&quot;_ha_eqh_enable&quot;:false}\">\n\t\t\t\t\t<div class=\"e-con-inner\">\n\t\t\t\t\t<\/div>\n\t\t\t\t<\/div>\n\t\t\t\t<\/div>\n\t\t","protected":false},"excerpt":{"rendered":"<p>Remover item Imagem de miniatura Produto Pre\u00e7o Quantidade Subtotal &times; Copo Ole, personalizado Cacha\u00e7a Senhor dos Passos \u2013 60ml &#82;&#36;&nbsp;15,00 Copo Ole, personalizado Cacha\u00e7a Senhor dos Passos \u2013 60ml quantidade &#82;&#36;&nbsp;15,00 Total de Compras Subtotal &#82;&#36;&nbsp;15,00 Entrega Digite seu endere\u00e7o para ver as op\u00e7\u00f5es de entrega. Calcular entrega Pa\u00eds \/ regi\u00e3o: Selecione um pa\u00eds&hellip;Afeganist\u00e3o\u00c1frica do [&hellip;]<\/p>\n","protected":false},"author":1,"featured_media":0,"parent":0,"menu_order":0,"comment_status":"closed","ping_status":"closed","template":"elementor_header_footer","meta":{"footnotes":""},"class_list":["post-760","page","type-page","status-publish","hentry"],"_links":{"self":[{"href":"https:\/\/www.cachacasenhordospassos.com.br\/index.php\/wp-json\/wp\/v2\/pages\/760","targetHints":{"allow":["GET"]}}],"collection":[{"href":"https:\/\/www.cachacasenhordospassos.com.br\/index.php\/wp-json\/wp\/v2\/pages"}],"about":[{"href":"https:\/\/www.cachacasenhordospassos.com.br\/index.php\/wp-json\/wp\/v2\/types\/page"}],"author":[{"embeddable":true,"href":"https:\/\/www.cachacasenhordospassos.com.br\/index.php\/wp-json\/wp\/v2\/users\/1"}],"replies":[{"embeddable":true,"href":"https:\/\/www.cachacasenhordospassos.com.br\/index.php\/wp-json\/wp\/v2\/comments?post=760"}],"version-history":[{"count":46,"href":"https:\/\/www.cachacasenhordospassos.com.br\/index.php\/wp-json\/wp\/v2\/pages\/760\/revisions"}],"predecessor-version":[{"id":2009,"href":"https:\/\/www.cachacasenhordospassos.com.br\/index.php\/wp-json\/wp\/v2\/pages\/760\/revisions\/2009"}],"wp:attachment":[{"href":"https:\/\/www.cachacasenhordospassos.com.br\/index.php\/wp-json\/wp\/v2\/media?parent=760"}],"curies":[{"name":"wp","href":"https:\/\/api.w.org\/{rel}","templated":true}]}}