{"id":1172,"date":"2023-02-28T17:58:31","date_gmt":"2023-02-28T20:58:31","guid":{"rendered":"https:\/\/www.cachacasenhordospassos.com.br\/?post_type=product&#038;p=1172"},"modified":"2026-02-15T08:41:17","modified_gmt":"2026-02-15T11:41:17","slug":"kit-3-garrafas-50ml-prata-c-europeu-c-americano","status":"publish","type":"product","link":"https:\/\/www.cachacasenhordospassos.com.br\/index.php\/produto\/kit-3-garrafas-50ml-prata-c-europeu-c-americano\/","title":{"rendered":"Kit 0002 &#8211; Kit 3 Garrafas de Cacha\u00e7a Senhor dos Passos de  50ml (1Prata + 2 Ouro )"},"content":{"rendered":"<p>Kit com 3 garrafas de Cacha\u00e7a Senhor dos Passos de 50ml.\u00a0 \u00a0 \u00a0 \u00a0 \u00a0 \u00a0 \u00a0 \u00a0 \u00a0 \u00a0 \u00a0 \u00a0 \u00a0 \u00a0 \u00a0 \u00a0 \u00a0 \u00a0 \u00a0 \u00a0 \u00a0 \u00a0 \u00a0 \u00a0 \u00a0 \u00a0 \u00a0 \u00a0 \u00a0 \u00a0 \u00a0 \u00a0 \u00a0 \u00a0 \u00a0 \u00a0 \u00a0 \u00a0 \u00a0 \u00a0 \u00a0 \u00a0 \u00a0 \u00a0 \u00a0 \u00a0 \u00a0 \u00a0 \u00a0 \u00a0 \u00a0 \u00a0 \u00a0 \u00a0 \u00a0 \u00a0 \u00a0 \u00a0 \u00a0 \u00a0 \u00a0 \u00a0 1 Caixa em MDF, personalizada com a Logo da Cacha\u00e7a Senhor dos Passos vazado +\u00a0 \u00a0 \u00a0 \u00a0 \u00a0 \u00a0 \u00a0 \u00a0 \u00a0 \u00a0 \u00a0 \u00a0 \u00a0 \u00a0 \u00a0 \u00a0 \u00a0 \u00a0 \u00a0 \u00a0 \u00a0 \u00a0 \u00a0 \u00a0 \u00a0 \u00a0 \u00a0 \u00a0 \u00a0 \u00a0 \u00a0 \u00a0 \u00a0 \u00a0 \u00a0 \u00a0 \u00a0 \u00a0 \u00a0 \u00a0 \u00a0 \u00a0 \u00a0 \u00a0 1 Cacha\u00e7a Prata de 50ml +2 Cacha\u00e7a Ouro (Podendo ser: Carvalho Americano, Carvalho Europeu; Tr\u00eas Madeiras; Jequitib\u00e1 Rosa) de 50ml<\/p>\n","protected":false},"excerpt":{"rendered":"<p>Kit com 3 garrafas de Cacha\u00e7a Senhor dos Passos de 50ml.<\/p>\n<p>Kit cont\u00e9m:<\/p>\n<ul>\n<li>1 Caixa em MDF, personalizada com a Logo da Cacha\u00e7a Senhor dos Passos vazado<\/li>\n<li>1 Cacha\u00e7a Prata de 50ml<\/li>\n<li>1 Cacha\u00e7a Ouro Carvalho Europeu de 50ml<\/li>\n<li>1 Cacha\u00e7a Ouro Carvalho Americano de 50ml<\/li>\n<\/ul>\n","protected":false},"featured_media":2892,"comment_status":"open","ping_status":"closed","template":"","meta":[],"product_cat":[26],"product_tag":[],"class_list":{"0":"post-1172","1":"product","2":"type-product","3":"status-publish","4":"has-post-thumbnail","6":"product_cat-kits","8":"first","9":"instock","10":"purchasable","11":"product-type-simple"},"_links":{"self":[{"href":"https:\/\/www.cachacasenhordospassos.com.br\/index.php\/wp-json\/wp\/v2\/product\/1172","targetHints":{"allow":["GET"]}}],"collection":[{"href":"https:\/\/www.cachacasenhordospassos.com.br\/index.php\/wp-json\/wp\/v2\/product"}],"about":[{"href":"https:\/\/www.cachacasenhordospassos.com.br\/index.php\/wp-json\/wp\/v2\/types\/product"}],"replies":[{"embeddable":true,"href":"https:\/\/www.cachacasenhordospassos.com.br\/index.php\/wp-json\/wp\/v2\/comments?post=1172"}],"wp:featuredmedia":[{"embeddable":true,"href":"https:\/\/www.cachacasenhordospassos.com.br\/index.php\/wp-json\/wp\/v2\/media\/2892"}],"wp:attachment":[{"href":"https:\/\/www.cachacasenhordospassos.com.br\/index.php\/wp-json\/wp\/v2\/media?parent=1172"}],"wp:term":[{"taxonomy":"product_cat","embeddable":true,"href":"https:\/\/www.cachacasenhordospassos.com.br\/index.php\/wp-json\/wp\/v2\/product_cat?post=1172"},{"taxonomy":"product_tag","embeddable":true,"href":"https:\/\/www.cachacasenhordospassos.com.br\/index.php\/wp-json\/wp\/v2\/product_tag?post=1172"}],"curies":[{"name":"wp","href":"https:\/\/api.w.org\/{rel}","templated":true}]}}