{"id":1388,"date":"2023-04-14T16:58:26","date_gmt":"2023-04-14T19:58:26","guid":{"rendered":"https:\/\/www.cachacasenhordospassos.com.br\/?post_type=product&#038;p=1388"},"modified":"2026-03-02T17:29:41","modified_gmt":"2026-03-02T20:29:41","slug":"kit-2-garrafas-275ml-taca-senhor-dos-passos","status":"publish","type":"product","link":"https:\/\/www.cachacasenhordospassos.com.br\/index.php\/produto\/kit-2-garrafas-275ml-taca-senhor-dos-passos\/","title":{"rendered":"KIT 0007 &#8211; Kit 2 Garrafas 275ml + Ta\u00e7a Senhor dos Passos"},"content":{"rendered":"<p><\/p>\n","protected":false},"excerpt":{"rendered":"<p>Kit cont\u00e9m:<\/p>\n<ul>\n<li>1 Caixa em MDF, personalizada com a Logo da Cacha\u00e7a Senhor dos Passos vazado<\/li>\n<li>1 Cacha\u00e7a Prata de 275ml<\/li>\n<li>1 Cacha\u00e7a Ouro Carvalho Americano de 275ml<\/li>\n<li>1 Ta\u00e7a alambique de 90ml para cacha\u00e7a, Cacha\u00e7a Senhor dos Passos<\/li>\n<\/ul>\n","protected":false},"featured_media":2885,"comment_status":"open","ping_status":"closed","template":"","meta":[],"product_cat":[26],"product_tag":[],"class_list":{"0":"post-1388","1":"product","2":"type-product","3":"status-publish","4":"has-post-thumbnail","6":"product_cat-kits","8":"first","9":"instock","10":"purchasable","11":"product-type-simple"},"_links":{"self":[{"href":"https:\/\/www.cachacasenhordospassos.com.br\/index.php\/wp-json\/wp\/v2\/product\/1388","targetHints":{"allow":["GET"]}}],"collection":[{"href":"https:\/\/www.cachacasenhordospassos.com.br\/index.php\/wp-json\/wp\/v2\/product"}],"about":[{"href":"https:\/\/www.cachacasenhordospassos.com.br\/index.php\/wp-json\/wp\/v2\/types\/product"}],"replies":[{"embeddable":true,"href":"https:\/\/www.cachacasenhordospassos.com.br\/index.php\/wp-json\/wp\/v2\/comments?post=1388"}],"wp:featuredmedia":[{"embeddable":true,"href":"https:\/\/www.cachacasenhordospassos.com.br\/index.php\/wp-json\/wp\/v2\/media\/2885"}],"wp:attachment":[{"href":"https:\/\/www.cachacasenhordospassos.com.br\/index.php\/wp-json\/wp\/v2\/media?parent=1388"}],"wp:term":[{"taxonomy":"product_cat","embeddable":true,"href":"https:\/\/www.cachacasenhordospassos.com.br\/index.php\/wp-json\/wp\/v2\/product_cat?post=1388"},{"taxonomy":"product_tag","embeddable":true,"href":"https:\/\/www.cachacasenhordospassos.com.br\/index.php\/wp-json\/wp\/v2\/product_tag?post=1388"}],"curies":[{"name":"wp","href":"https:\/\/api.w.org\/{rel}","templated":true}]}}