{"id":2631,"date":"2024-07-25T11:18:19","date_gmt":"2024-07-25T14:18:19","guid":{"rendered":"https:\/\/www.cachacasenhordospassos.com.br\/index.php\/produto\/cachaca-prata-50ml\/"},"modified":"2026-03-02T17:29:41","modified_gmt":"2026-03-02T20:29:41","slug":"cachaca-prata-50ml","status":"publish","type":"product","link":"https:\/\/www.cachacasenhordospassos.com.br\/index.php\/produto\/cachaca-prata-50ml\/","title":{"rendered":"CACHA\u00c7A PRATA &#8211; GARRAFA DE 50ml"},"content":{"rendered":"<p>A Cacha\u00e7a Senhor dos Passos Prata \u00e9 transparente, possui paladar doce e picante e com aroma de cana-de-a\u00e7\u00facar. Com gradua\u00e7\u00e3o alco\u00f3lica de 40%, a bebida \u00e9 obtida apenas do cora\u00e7\u00e3o da destila\u00e7\u00e3o e posteriormente armazenada por 01 ano em ton\u00e9is de a\u00e7o inox para ser envasada, conferindo uma bebida arom\u00e1tica, suave e aveludada.\u00a0 \u00a0 \u00a0 \u00a0 \u00a0 \u00a0 \u00a0 \u00a0 \u00a0 \u00a0 \u00a0 \u00a0 \u00a0 \u00a0 \u00a0 \u00a0 \u00a0 \u00a0 \u00a0 \u00a0 \u00a0 \u00a0 \u00a0 \u00a0 \u00a0 \u00a0 \u00a0 \u00a0 \u00a0 \u00a0 \u00a0 \u00a0 \u00a0 \u00a0 \u00a0 \u00a0 \u00a0 \u00a0 \u00a0 \u00a0 \u00a0 \u00a0 \u00a0 \u00a0 \u00a0 \u00a0 \u00a0 \u00a0 \u00a0 \u00a0 \u00a0 \u00a0 \u00a0 \u00a0 \u00a0 \u00a0 \u00a0 \u00a0 \u00a0 \u00a0 \u00a0<\/p>\n<p>Dispon\u00edvel em garrafas de 50 ml, 275 ml e 700 ml e garrafa de Alum\u00ednio de 475 ml,\u00a0 \u00a0 \u00a0 \u00a0 \u00a0 \u00a0 \u00a0 \u00a0 \u00a0 \u00a0 \u00a0 \u00a0 \u00a0 \u00a0 \u00a0 \u00a0 \u00a0 \u00a0 \u00a0 \u00a0 \u00a0 \u00a0 \u00a0 \u00a0 \u00a0 \u00a0<\/p>\n<p>Armazenada por 1 ano em dornas de a\u00e7o inox,\u00a0 \u00a0 \u00a0 \u00a0 \u00a0 \u00a0 \u00a0 \u00a0 \u00a0 \u00a0 \u00a0 \u00a0 \u00a0 \u00a0 \u00a0 \u00a0 \u00a0 \u00a0 \u00a0 \u00a0 \u00a0 \u00a0 \u00a0 \u00a0 \u00a0 \u00a0 \u00a0 \u00a0 \u00a0 \u00a0 \u00a0 \u00a0 \u00a0 \u00a0 \u00a0 \u00a0 \u00a0 \u00a0 \u00a0 \u00a0 \u00a0 \u00a0 \u00a0 \u00a0 \u00a0 \u00a0 \u00a0 \u00a0 \u00a0 \u00a0 \u00a0 \u00a0 \u00a0 \u00a0 \u00a0 \u00a0 \u00a0 \u00a0 \u00a0 \u00a0 \u00a0 \u00a0 \u00a0 \u00a0 \u00a0 \u00a0 \u00a0 \u00a0 \u00a0 \u00a0 \u00a0 \u00a0 \u00a0 \u00a0 \u00a0 \u00a0 \u00a0 \u00a0Gradua\u00e7\u00e3o Alco\u00f3lica: 40%\u00a0<\/p>\n","protected":false},"excerpt":{"rendered":"<p>A Cacha\u00e7a Senhor dos Passos Prata \u00e9 transparente, possui paladar doce e picante e com aroma de cana-de-a\u00e7\u00facar. Com gradua\u00e7\u00e3o alco\u00f3lica de 40%, a bebida \u00e9 obtida apenas do cora\u00e7\u00e3o da destila\u00e7\u00e3o e posteriormente armazenada por 01 ano em ton\u00e9is de a\u00e7o inox para ser envasada, conferindo uma bebida arom\u00e1tica, suave e aveludada.\u00a0 \u00a0 \u00a0 [&hellip;]<\/p>\n","protected":false},"featured_media":2902,"comment_status":"open","ping_status":"closed","template":"","meta":[],"product_cat":[18],"product_tag":[],"class_list":{"0":"post-2631","1":"product","2":"type-product","3":"status-publish","4":"has-post-thumbnail","6":"product_cat-cachacas","7":"pa_volume-50ml","9":"first","10":"instock","11":"shipping-taxable","12":"purchasable","13":"product-type-simple"},"_links":{"self":[{"href":"https:\/\/www.cachacasenhordospassos.com.br\/index.php\/wp-json\/wp\/v2\/product\/2631","targetHints":{"allow":["GET"]}}],"collection":[{"href":"https:\/\/www.cachacasenhordospassos.com.br\/index.php\/wp-json\/wp\/v2\/product"}],"about":[{"href":"https:\/\/www.cachacasenhordospassos.com.br\/index.php\/wp-json\/wp\/v2\/types\/product"}],"replies":[{"embeddable":true,"href":"https:\/\/www.cachacasenhordospassos.com.br\/index.php\/wp-json\/wp\/v2\/comments?post=2631"}],"wp:featuredmedia":[{"embeddable":true,"href":"https:\/\/www.cachacasenhordospassos.com.br\/index.php\/wp-json\/wp\/v2\/media\/2902"}],"wp:attachment":[{"href":"https:\/\/www.cachacasenhordospassos.com.br\/index.php\/wp-json\/wp\/v2\/media?parent=2631"}],"wp:term":[{"taxonomy":"product_cat","embeddable":true,"href":"https:\/\/www.cachacasenhordospassos.com.br\/index.php\/wp-json\/wp\/v2\/product_cat?post=2631"},{"taxonomy":"product_tag","embeddable":true,"href":"https:\/\/www.cachacasenhordospassos.com.br\/index.php\/wp-json\/wp\/v2\/product_tag?post=2631"}],"curies":[{"name":"wp","href":"https:\/\/api.w.org\/{rel}","templated":true}]}}