{"id":2637,"date":"2024-07-25T11:27:20","date_gmt":"2024-07-25T14:27:20","guid":{"rendered":"https:\/\/www.cachacasenhordospassos.com.br\/index.php\/produto\/blend-tres-madeiras-700ml\/"},"modified":"2026-03-02T17:29:41","modified_gmt":"2026-03-02T20:29:41","slug":"blend-tres-madeiras-700ml","status":"publish","type":"product","link":"https:\/\/www.cachacasenhordospassos.com.br\/index.php\/produto\/blend-tres-madeiras-700ml\/","title":{"rendered":"CACHA\u00c7A OURO &#8211; BLEND 3 MADEIRAS &#8211; GARRAFA DE 700ml"},"content":{"rendered":"<p class=\"cvgsua\" style=\"margin: 0cm;text-align: left\" align=\"center\">A Cacha\u00e7a Senhor dos Passos Tr\u00eas Madeiras \u00e9 um Blend composto da mistura de sabores das bebidas armazenadas em barris de Jequitib\u00e1 Rosa, Carvalho Americano e Carvalho Europeu, com colora\u00e7\u00e3o amarelada, levemente clara, baixa acidez, paladar amadeirado e doce, com pic\u00e2ncia e adormec\u00eancia, mesclando o aroma frutado com baunilha.\u00a0<\/p>\n<p class=\"cvgsua\" style=\"margin: 0cm;text-align: left\" align=\"center\">\u00a0<\/p>\n<p class=\"cvgsua\" style=\"margin: 0cm;text-align: left\" align=\"center\">Dispon\u00edvel em garrafas de 50ml, 275 ml e 700 ml<\/p>\n<p class=\"cvgsua\" style=\"margin: 0cm;text-align: left\" align=\"center\">Tempo de Armazenamento: 2 anos\u00a0 \u00a0 \u00a0 \u00a0 \u00a0 \u00a0 \u00a0 \u00a0 \u00a0 \u00a0 \u00a0 \u00a0 \u00a0 \u00a0 \u00a0 \u00a0 \u00a0 \u00a0 \u00a0 \u00a0 \u00a0 \u00a0 \u00a0 \u00a0 \u00a0 \u00a0 \u00a0 \u00a0 \u00a0 \u00a0 \u00a0 \u00a0 \u00a0 \u00a0 \u00a0 \u00a0 \u00a0 \u00a0 \u00a0 \u00a0 \u00a0 \u00a0 \u00a0 \u00a0 \u00a0 \u00a0 \u00a0 \u00a0 \u00a0 \u00a0 \u00a0 \u00a0 \u00a0 \u00a0 \u00a0 \u00a0 \u00a0 \u00a0 \u00a0 \u00a0 \u00a0 \u00a0 \u00a0 \u00a0 \u00a0 \u00a0 \u00a0 \u00a0 \u00a0 \u00a0 \u00a0 \u00a0 \u00a0 \u00a0 \u00a0 \u00a0 \u00a0 \u00a0 Gradua\u00e7\u00e3o Alco\u00f3lica: 40%\u00a0\u00a0<\/p>\n<p style=\"text-align: left\">\u00a0<\/p>\n","protected":false},"excerpt":{"rendered":"<p class=\"cvgsua\" style=\"margin: 0cm;text-align: left\" align=\"center\"><span class=\"oypena\">Blend composto da mistura dos barris de Jequitib\u00e1 Rosa,<br \/>\nCarvalho Americano e Carvalho Europeu, com colora\u00e7\u00e3o amarela, levemente clara,<br \/>\nbaixa acidez, paladar amadeirado e doce, mesclando o aroma frutado, amadeirado<br \/>\ne baunilha.<\/span><\/p>\n<p class=\"cvgsua\" style=\"margin: 0cm;text-align: left\" align=\"center\"><span class=\"oypena\">CACHA\u00c7A OURO &#8211; TR\u00caS MADEIRAS<\/span><\/p>\n<p class=\"cvgsua\" style=\"margin: 0cm;text-align: left\" align=\"center\"><span class=\"oypena\">Armazenamento: Jequitib\u00e1 Rosa,<\/span><\/p>\n<p class=\"cvgsua\" style=\"margin: 0cm;text-align: left\" align=\"center\"><span class=\"oypena\">Carvalho Americano e Carvalho<\/span><\/p>\n<p class=\"cvgsua\" style=\"margin: 0cm;text-align: left\" align=\"center\"><span class=\"oypena\">Europeu<\/span><\/p>\n<p class=\"cvgsua\" style=\"margin: 0cm;text-align: left\" align=\"center\"><span class=\"oypena\">Tempo: 2 anos<\/span><\/p>\n<p class=\"cvgsua\" style=\"margin: 0cm;text-align: left\" align=\"center\"><span class=\"oypena\">Grad. Alco\u00f3lica: 40%<\/span><\/p>\n<p>&nbsp;<\/p>\n","protected":false},"featured_media":2900,"comment_status":"open","ping_status":"closed","template":"","meta":[],"product_cat":[18],"product_tag":[],"class_list":{"0":"post-2637","1":"product","2":"type-product","3":"status-publish","4":"has-post-thumbnail","6":"product_cat-cachacas","7":"pa_volume-700ml","9":"first","10":"instock","11":"shipping-taxable","12":"purchasable","13":"product-type-simple"},"_links":{"self":[{"href":"https:\/\/www.cachacasenhordospassos.com.br\/index.php\/wp-json\/wp\/v2\/product\/2637","targetHints":{"allow":["GET"]}}],"collection":[{"href":"https:\/\/www.cachacasenhordospassos.com.br\/index.php\/wp-json\/wp\/v2\/product"}],"about":[{"href":"https:\/\/www.cachacasenhordospassos.com.br\/index.php\/wp-json\/wp\/v2\/types\/product"}],"replies":[{"embeddable":true,"href":"https:\/\/www.cachacasenhordospassos.com.br\/index.php\/wp-json\/wp\/v2\/comments?post=2637"}],"wp:featuredmedia":[{"embeddable":true,"href":"https:\/\/www.cachacasenhordospassos.com.br\/index.php\/wp-json\/wp\/v2\/media\/2900"}],"wp:attachment":[{"href":"https:\/\/www.cachacasenhordospassos.com.br\/index.php\/wp-json\/wp\/v2\/media?parent=2637"}],"wp:term":[{"taxonomy":"product_cat","embeddable":true,"href":"https:\/\/www.cachacasenhordospassos.com.br\/index.php\/wp-json\/wp\/v2\/product_cat?post=2637"},{"taxonomy":"product_tag","embeddable":true,"href":"https:\/\/www.cachacasenhordospassos.com.br\/index.php\/wp-json\/wp\/v2\/product_tag?post=2637"}],"curies":[{"name":"wp","href":"https:\/\/api.w.org\/{rel}","templated":true}]}}