{"id":2641,"date":"2024-07-25T11:30:30","date_gmt":"2024-07-25T14:30:30","guid":{"rendered":"https:\/\/www.cachacasenhordospassos.com.br\/index.php\/produto\/blend-3-madeiras-50ml\/"},"modified":"2026-03-02T17:29:41","modified_gmt":"2026-03-02T20:29:41","slug":"blend-3-madeiras-50ml","status":"publish","type":"product","link":"https:\/\/www.cachacasenhordospassos.com.br\/index.php\/produto\/blend-3-madeiras-50ml\/","title":{"rendered":"CACHA\u00c7A OURO &#8211; BLEND 3 MADEIRAS &#8211; GARRAFA DE 50ml"},"content":{"rendered":"","protected":false},"excerpt":{"rendered":"<p class=\"cvgsua\" style=\"margin: 0cm;text-align: left\" align=\"center\">A Cacha\u00e7a Senhor dos Passos Tr\u00eas Madeiras \u00e9 um Blend composto da mistura de sabores das bebidas armazenadas em barris de Jequitib\u00e1 Rosa, Carvalho Americano e Carvalho Europeu, com colora\u00e7\u00e3o amarelada, levemente clara, baixa acidez, paladar amadeirado e doce, com pic\u00e2ncia e adormec\u00eancia, mesclando o aroma frutado com baunilha.\u00a0<\/p>\n<p class=\"cvgsua\" style=\"margin: 0cm;text-align: left\" align=\"center\">\u00a0 \u00a0 \u00a0 \u00a0 \u00a0 \u00a0 \u00a0 \u00a0 \u00a0 \u00a0 \u00a0 \u00a0 \u00a0 \u00a0 \u00a0 \u00a0 \u00a0 \u00a0 \u00a0 \u00a0 \u00a0 \u00a0 \u00a0 \u00a0 \u00a0 \u00a0 \u00a0 \u00a0 \u00a0 \u00a0 \u00a0 \u00a0 \u00a0 \u00a0 \u00a0 \u00a0 \u00a0 \u00a0 \u00a0 \u00a0 \u00a0 \u00a0 \u00a0 \u00a0 \u00a0 \u00a0 \u00a0 \u00a0 \u00a0 \u00a0<\/p>\n<p class=\"cvgsua\" style=\"margin: 0cm;text-align: left\" align=\"center\">\u00a0<\/p>\n<p class=\"cvgsua\" style=\"margin: 0cm;text-align: left\" align=\"center\">Dispon\u00edvel em garrafas de 50ml, 275 ml e 700 ml<\/p>\n<p class=\"cvgsua\" style=\"margin: 0cm;text-align: left\" align=\"center\">Tempo de Armazenamento: 2 anos\u00a0 \u00a0 \u00a0 \u00a0 \u00a0 \u00a0 \u00a0 \u00a0 \u00a0 \u00a0 \u00a0 \u00a0 \u00a0 \u00a0 \u00a0 \u00a0 \u00a0 \u00a0 \u00a0 \u00a0 \u00a0 \u00a0 \u00a0 \u00a0 \u00a0 \u00a0 \u00a0 \u00a0 \u00a0 \u00a0 \u00a0 \u00a0 \u00a0 \u00a0 \u00a0 \u00a0 \u00a0 \u00a0 \u00a0 \u00a0 \u00a0 \u00a0 \u00a0 \u00a0 \u00a0 \u00a0 \u00a0 \u00a0 \u00a0 \u00a0 \u00a0 \u00a0 \u00a0 \u00a0 \u00a0 \u00a0 \u00a0 \u00a0 \u00a0 \u00a0 \u00a0 \u00a0 \u00a0 \u00a0 \u00a0 \u00a0 \u00a0 \u00a0 \u00a0 \u00a0 \u00a0 \u00a0 \u00a0 \u00a0 \u00a0 \u00a0 \u00a0 \u00a0<\/p>\n<p class=\"cvgsua\" style=\"margin: 0cm;text-align: left\" align=\"center\">Gradua\u00e7\u00e3o Alco\u00f3lica: 40%\u00a0 \u00a0<\/p>\n","protected":false},"featured_media":2899,"comment_status":"open","ping_status":"closed","template":"","meta":[],"product_cat":[18],"product_tag":[],"class_list":{"0":"post-2641","1":"product","2":"type-product","3":"status-publish","4":"has-post-thumbnail","6":"product_cat-cachacas","7":"pa_volume-50ml","9":"first","10":"instock","11":"shipping-taxable","12":"purchasable","13":"product-type-simple"},"_links":{"self":[{"href":"https:\/\/www.cachacasenhordospassos.com.br\/index.php\/wp-json\/wp\/v2\/product\/2641","targetHints":{"allow":["GET"]}}],"collection":[{"href":"https:\/\/www.cachacasenhordospassos.com.br\/index.php\/wp-json\/wp\/v2\/product"}],"about":[{"href":"https:\/\/www.cachacasenhordospassos.com.br\/index.php\/wp-json\/wp\/v2\/types\/product"}],"replies":[{"embeddable":true,"href":"https:\/\/www.cachacasenhordospassos.com.br\/index.php\/wp-json\/wp\/v2\/comments?post=2641"}],"wp:featuredmedia":[{"embeddable":true,"href":"https:\/\/www.cachacasenhordospassos.com.br\/index.php\/wp-json\/wp\/v2\/media\/2899"}],"wp:attachment":[{"href":"https:\/\/www.cachacasenhordospassos.com.br\/index.php\/wp-json\/wp\/v2\/media?parent=2641"}],"wp:term":[{"taxonomy":"product_cat","embeddable":true,"href":"https:\/\/www.cachacasenhordospassos.com.br\/index.php\/wp-json\/wp\/v2\/product_cat?post=2641"},{"taxonomy":"product_tag","embeddable":true,"href":"https:\/\/www.cachacasenhordospassos.com.br\/index.php\/wp-json\/wp\/v2\/product_tag?post=2641"}],"curies":[{"name":"wp","href":"https:\/\/api.w.org\/{rel}","templated":true}]}}