{"id":2654,"date":"2024-07-25T11:53:33","date_gmt":"2024-07-25T14:53:33","guid":{"rendered":"https:\/\/www.cachacasenhordospassos.com.br\/index.php\/produto\/linha-em-garrafa-de-aluminio-cachaca-prata\/"},"modified":"2026-03-02T17:29:41","modified_gmt":"2026-03-02T20:29:41","slug":"linha-em-garrafa-de-aluminio-cachaca-prata","status":"publish","type":"product","link":"https:\/\/www.cachacasenhordospassos.com.br\/index.php\/produto\/linha-em-garrafa-de-aluminio-cachaca-prata\/","title":{"rendered":"Cacha\u00e7a Prata  &#8211; Garrafa de Alum\u00ednio 473 ml"},"content":{"rendered":"","protected":false},"excerpt":{"rendered":"<p>Desenvolvemos esta embalagem em alum\u00ednio especialmente para voc\u00ea e para o meio ambiente. Ela evita acidentes e \u00e9 recicl\u00e1vel, al\u00e9m de ser reutiliz\u00e1vel para voc\u00ea consumir outras bebidas. At\u00e9 mesmo como refil da Senhor dos Passos.<\/p>\n<ul>\n<li>Armazenamento: Barris de inox<\/li>\n<li>Tempo: 1 ano<\/li>\n<li>Grad. Alco\u00f3lica: 40%<\/li>\n<\/ul>\n","protected":false},"featured_media":2898,"comment_status":"open","ping_status":"closed","template":"","meta":[],"product_cat":[18],"product_tag":[],"class_list":{"0":"post-2654","1":"product","2":"type-product","3":"status-publish","4":"has-post-thumbnail","6":"product_cat-cachacas","7":"pa_volume-473ml","9":"first","10":"instock","11":"shipping-taxable","12":"purchasable","13":"product-type-simple"},"_links":{"self":[{"href":"https:\/\/www.cachacasenhordospassos.com.br\/index.php\/wp-json\/wp\/v2\/product\/2654","targetHints":{"allow":["GET"]}}],"collection":[{"href":"https:\/\/www.cachacasenhordospassos.com.br\/index.php\/wp-json\/wp\/v2\/product"}],"about":[{"href":"https:\/\/www.cachacasenhordospassos.com.br\/index.php\/wp-json\/wp\/v2\/types\/product"}],"replies":[{"embeddable":true,"href":"https:\/\/www.cachacasenhordospassos.com.br\/index.php\/wp-json\/wp\/v2\/comments?post=2654"}],"wp:featuredmedia":[{"embeddable":true,"href":"https:\/\/www.cachacasenhordospassos.com.br\/index.php\/wp-json\/wp\/v2\/media\/2898"}],"wp:attachment":[{"href":"https:\/\/www.cachacasenhordospassos.com.br\/index.php\/wp-json\/wp\/v2\/media?parent=2654"}],"wp:term":[{"taxonomy":"product_cat","embeddable":true,"href":"https:\/\/www.cachacasenhordospassos.com.br\/index.php\/wp-json\/wp\/v2\/product_cat?post=2654"},{"taxonomy":"product_tag","embeddable":true,"href":"https:\/\/www.cachacasenhordospassos.com.br\/index.php\/wp-json\/wp\/v2\/product_tag?post=2654"}],"curies":[{"name":"wp","href":"https:\/\/api.w.org\/{rel}","templated":true}]}}